{"id":238,"date":"2024-12-04T14:16:07","date_gmt":"2024-12-04T13:16:07","guid":{"rendered":"https:\/\/powerplay.be\/legal-notice\/"},"modified":"2025-04-25T08:17:46","modified_gmt":"2025-04-25T06:17:46","slug":"disclaimer","status":"publish","type":"page","link":"https:\/\/powerplay.be\/fr\/disclaimer\/","title":{"rendered":"Disclaimer"},"content":{"rendered":"\n<article class=\"wp-block-group alignwide pagina-default is-style-section is-nowrap is-layout-flex wp-container-core-group-is-layout-6c531013 wp-block-group-is-layout-flex\">\n<div class=\"wp-block-group has-global-padding is-layout-constrained wp-block-group-is-layout-constrained\"><nav class=\"breadcrumb\" itemprop=\"breadcrumb\">\n\t<ul>\n\t\t<li class=\"breadcrumb_home\">\n\t\t\t<a href=\"https:\/\/powerplay.be\/fr\/\"><span>Accueil<\/span><\/a>\n\t\t<\/li>\n\t\t\n\t\t\t\t\n\t\t\t\t\n\t<\/ul>\n<\/nav>\n\n\n<h1 class=\"wp-block-post-title\">Disclaimer<\/h1>\n\n\n<p>L\u2019utilisation du pr\u00e9sent site Internet est soumise aux conditions d\u2019utilisation mentionn\u00e9es ci-apr\u00e8s. Par la simple utilisation du site Internet, vous \u00eates r\u00e9put\u00e9 avoir pris connaissance de ces conditions et les avoir accept\u00e9es.<\/p>\n\n\n\n<p>Bien que VS Advocaten accorde le plus grand soin et la plus grande attention au contenu des informations mentionn\u00e9es sur ce site, il lui est impossible de garantir que ces informations sont exhaustives, compl\u00e8tes, pr\u00e9cises et \u00e0 jour.<\/p>\n\n\n\n<p>Bien que VS Advocaten accorde le plus grand soin et attention au contenu des informations fournies sur le site Web, il ne peut garantir que ces informations sont compl\u00e8tes, exactes et \u00e0 jour.<\/p>\n\n\n\n<p>VS Advocaten ne saurait en cons\u00e9quence accepter aucune responsabilit\u00e9 quant aux informations fournies sur ce site Internet et ni \u00eatre tenu pour responsable du moindre dommage survenant suite \u00e0 toute utilisation directe ou indirecte du site Internet ou des informations obtenues par le biais du site Internet ou en r\u00e9sultant.<\/p>\n\n\n\n<p>VS Advocaten vise \u00e0 \u00e9viter autant que possible les interruptions dues \u00e0 des erreurs techniques. Certaines donn\u00e9es ou informations figurant sur le site Internet peuvent cependant avoir \u00e9t\u00e9 cr\u00e9\u00e9es ou structur\u00e9es en fichiers ou formats qui pr\u00e9sentent des erreurs. VS Advocaten ne peut d\u00e8s lors garantir que le service ne conna\u00eetra aucune interruption ou ne peut \u00eatre autrement influenc\u00e9 par de tels probl\u00e8mes. VS Advocaten n\u2019accepte par cons\u00e9quent aucune responsabilit\u00e9 quant au dommage r\u00e9sultant d\u2019\u00e9ventuelles interruptions du site Internet, au dommage caus\u00e9 par des erreurs techniques, m\u00eame si le droit belge les qualifie de faute grave, au dommage caus\u00e9 par des virus ou autres \u00e9l\u00e9ments perturbateurs similaires tels que bugs, chevaux de Troie, etc.<\/p>\n\n\n\n<p>Des hyperliens figurant sur le site Internet ou communiqu\u00e9s par son interm\u00e9diaire renvoie \u00e0 des sites Internet sur lesquels VS Advocaten ne peut exercer aucun pouvoir ni aucun contr\u00f4le technique ou en termes de contenu. VS Advocaten ne peut en cons\u00e9quence offrir aucune garantie concernant l\u2019exhaustivit\u00e9, l\u2019exactitude du contenu ou la disponibilit\u00e9 de ce site Internet et n\u2019en assume aucune responsabilit\u00e9.<\/p>\n\n\n\n<p>Les hyperliens vers d\u2019autres sites n\u2019impliquent pas davantage la moindre validation, de la part de VS Advocaten, des informations propos\u00e9es sur ce site Internet externe.<\/p>\n\n\n\n<p>Le site Internet jouit de la protection du droit d\u2019auteur. Le droit d\u2019auteur et tous les droits intellectuels sur les informations mentionn\u00e9es sur le site Internet appartiennent \u00e0 VS Advocaten. Ces informations ne peuvent \u00eatre ni reproduites ni communiqu\u00e9es sans consentement \u00e9crit pr\u00e9alable et formel.<\/p>\n<\/div>\n<\/article>\n","protected":false},"excerpt":{"rendered":"<p>L\u2019utilisation du pr\u00e9sent site Internet est soumise aux conditions d\u2019utilisation mentionn\u00e9es ci-apr\u00e8s. Par la simple utilisation du site Internet, vous \u00eates r\u00e9put\u00e9 avoir pris connaissance de ces conditions et les avoir accept\u00e9es. Bien que VS Advocaten accorde le plus grand soin et la plus grande attention au contenu des informations mentionn\u00e9es sur ce site, il [&hellip;]<\/p>\n","protected":false},"author":1,"featured_media":0,"parent":0,"menu_order":9,"comment_status":"closed","ping_status":"closed","template":"","meta":{"_seopress_robots_primary_cat":"","_seopress_titles_title":"","_seopress_titles_desc":"","_seopress_robots_index":"yes","_seopress_redirections_enabled":"","_seopress_redirections_value":"","_seopress_redirections_type":"301","_seopress_redirections_param":"","_seopress_redirections_enabled_regex":"","_seopress_redirections_logged_status":"both","_seopress_redirections_ip":"","seopress_redirections_ua":"","seopress_redirections_referer":"","_seopress_redirections_date_request":"","seopress_404_count":"","_seopress_404_redirect_date_request":"","footnotes":""},"class_list":["post-238","page","type-page","status-publish","hentry"],"_links":{"self":[{"href":"https:\/\/powerplay.be\/fr\/wp-json\/wp\/v2\/pages\/238","targetHints":{"allow":["GET"]}}],"collection":[{"href":"https:\/\/powerplay.be\/fr\/wp-json\/wp\/v2\/pages"}],"about":[{"href":"https:\/\/powerplay.be\/fr\/wp-json\/wp\/v2\/types\/page"}],"author":[{"embeddable":true,"href":"https:\/\/powerplay.be\/fr\/wp-json\/wp\/v2\/users\/1"}],"replies":[{"embeddable":true,"href":"https:\/\/powerplay.be\/fr\/wp-json\/wp\/v2\/comments?post=238"}],"version-history":[{"count":0,"href":"https:\/\/powerplay.be\/fr\/wp-json\/wp\/v2\/pages\/238\/revisions"}],"wp:attachment":[{"href":"https:\/\/powerplay.be\/fr\/wp-json\/wp\/v2\/media?parent=238"}],"curies":[{"name":"wp","href":"https:\/\/api.w.org\/{rel}","templated":true}]}}